{"id":5,"date":"2014-08-04T14:47:24","date_gmt":"2014-08-04T12:47:24","guid":{"rendered":"http:\/\/cryptobackup.de\/wordpress\/?page_id=5"},"modified":"2021-02-18T10:59:04","modified_gmt":"2021-02-18T08:59:04","slug":"startseite","status":"publish","type":"page","link":"http:\/\/cryptobackup.de\/","title":{"rendered":"Startseite"},"content":{"rendered":"<p>Online-Backups sind die einzige L\u00f6sung, die Ihre Daten gegen Verlust in Situationen, wie<\/p>\n<ul>\n<li>Brand<\/li>\n<li>Raub\/Vandalismus<\/li>\n<li>Manipulationen durch Mitarbeiter<\/li>\n<li>Wassersch\u00e4den<\/li>\n<li>Naturkatastrophen<\/li>\n<\/ul>\n<p>sch\u00fctzen kann.<\/p>\n<p><a href=\"http:\/\/cryptobackup.de\/wp-content\/uploads\/2014\/08\/2014-08-04-Remote-Backup-General-Web_deutsch-e1432032236947.png\"><img loading=\"lazy\" class=\"alignnone size-full wp-image-48\" src=\"http:\/\/cryptobackup.de\/wp-content\/uploads\/2014\/08\/2014-08-04-Remote-Backup-General-Web_deutsch-e1432032236947.png\" alt=\"2014-08-04 Remote Backup General Web_deutsch\" width=\"886\" height=\"366\" srcset=\"http:\/\/cryptobackup.de\/wp-content\/uploads\/2014\/08\/2014-08-04-Remote-Backup-General-Web_deutsch-e1432032236947.png 886w, http:\/\/cryptobackup.de\/wp-content\/uploads\/2014\/08\/2014-08-04-Remote-Backup-General-Web_deutsch-e1432032236947-300x124.png 300w\" sizes=\"(max-width: 886px) 100vw, 886px\" \/><\/a><\/p>\n<p>Au\u00dferdem ist Online-Backup eine sehr g\u00fcnstige L\u00f6sung, weil sie so keine Backup-Infrastruktur mehr ben\u00f6tigen, auch die laufende Wartung und Backup-Software sind in dem niedrigen monatlichen Preis bereits enthalten.<\/p>\n<p>Probieren Sie es deshalb direkt jetzt &#8211; gratis und unverbindlich.<\/p>\n<h3>Wussten Sie schon&#8230;?<\/h3>\n<p>Mit CryptoBackup k\u00f6nnen Sie sich gegen den Verlust von Daten versichern (optional). Wenn Sie Daten verlieren, obwohl Sie ein Backup dieser Daten hatten, wird der daraus resultierende Schaden von der Versicherung erstattet.<\/p>\n<p>Au\u00dferdem sind Elektronik-Versicherungen bei Nutzung von CryptoBackup g\u00fcnstiger. So haben Sie keine Notwendigkeit f\u00fcr ein lokales Backup, durch die Ihnen zus\u00e4tzliche Kosten entstehen &#8211; zu g\u00fcnstigen monatlichen Raten.<\/p>\n<p style=\"text-align: right;\">&#8230;einfach sicher und bequem!<\/p>\n<p style=\"text-align: left;\"><a href=\"http:\/\/cryptobackup.de\/wordpress\/wordpress\/?page_id=15\">Probieren Sie es deshalb direkt jetzt &#8211; gratis und unverbindlich.<\/a><\/p>\n","protected":false},"excerpt":{"rendered":"<p>Online-Backups sind die einzige L\u00f6sung, die Ihre Daten gegen Verlust in Situationen, wie Brand Raub\/Vandalismus Manipulationen durch Mitarbeiter Wassersch\u00e4den Naturkatastrophen sch\u00fctzen kann. Au\u00dferdem ist Online-Backup eine sehr g\u00fcnstige L\u00f6sung, weil sie so keine Backup-Infrastruktur mehr ben\u00f6tigen, auch die laufende Wartung und Backup-Software sind in dem niedrigen monatlichen Preis bereits enthalten. Probieren Sie es deshalb direkt &hellip; <a href=\"http:\/\/cryptobackup.de\/\" class=\"more-link\"><span class=\"screen-reader-text\">Startseite<\/span> weiterlesen <span class=\"meta-nav\">&rarr;<\/span><\/a><\/p>\n","protected":false},"author":1,"featured_media":0,"parent":0,"menu_order":1,"comment_status":"closed","ping_status":"open","template":"","meta":[],"_links":{"self":[{"href":"http:\/\/cryptobackup.de\/index.php?rest_route=\/wp\/v2\/pages\/5"}],"collection":[{"href":"http:\/\/cryptobackup.de\/index.php?rest_route=\/wp\/v2\/pages"}],"about":[{"href":"http:\/\/cryptobackup.de\/index.php?rest_route=\/wp\/v2\/types\/page"}],"author":[{"embeddable":true,"href":"http:\/\/cryptobackup.de\/index.php?rest_route=\/wp\/v2\/users\/1"}],"replies":[{"embeddable":true,"href":"http:\/\/cryptobackup.de\/index.php?rest_route=%2Fwp%2Fv2%2Fcomments&post=5"}],"version-history":[{"count":10,"href":"http:\/\/cryptobackup.de\/index.php?rest_route=\/wp\/v2\/pages\/5\/revisions"}],"predecessor-version":[{"id":105,"href":"http:\/\/cryptobackup.de\/index.php?rest_route=\/wp\/v2\/pages\/5\/revisions\/105"}],"wp:attachment":[{"href":"http:\/\/cryptobackup.de\/index.php?rest_route=%2Fwp%2Fv2%2Fmedia&parent=5"}],"curies":[{"name":"wp","href":"https:\/\/api.w.org\/{rel}","templated":true}]}}