{"id":9,"date":"2014-08-04T14:47:30","date_gmt":"2014-08-04T12:47:30","guid":{"rendered":"http:\/\/cryptobackup.de\/wordpress\/?page_id=9"},"modified":"2021-02-18T11:00:07","modified_gmt":"2021-02-18T09:00:07","slug":"ueber-uns","status":"publish","type":"page","link":"http:\/\/cryptobackup.de\/?page_id=9","title":{"rendered":"\u00dcber uns"},"content":{"rendered":"<h6>ITworks2<a href=\"http:\/\/cryptobackup.de\/wp-content\/uploads\/2014\/08\/itworks.png\"><img loading=\"lazy\" class=\"alignright wp-image-50 size-thumbnail\" src=\"http:\/\/cryptobackup.de\/wp-content\/uploads\/2014\/08\/itworks-150x150.png\" alt=\"itworks\" width=\"150\" height=\"150\"><\/a><\/h6>\n<ul>\n<li>IT-Dienstleister aus Mainz<\/li>\n<li>Mitglied der &#8220;Rhein-Main Aktiv&#8221; &#8211; &nbsp;Gruppe<\/li>\n<\/ul>\n<p>Leistungen:<\/p>\n<ul>\n<li>Netzwerkeinrichtung und Wartung (Server, Firewalls, Clients, Virtualisierung, Home-Office, Verschl\u00fcsselung, Digitale Ablagen und Peripherie)<\/li>\n<li>Programmierung von Software zur Deckung von Verf\u00fcgbarkeitsl\u00fccken<\/li>\n<li>Telekommunikation<\/li>\n<li>Serverstandort Deutschland<\/li>\n<\/ul>\n<h6>Vertumno<a href=\"http:\/\/cryptobackup.de\/wp-content\/uploads\/2014\/08\/logo_vertumno.png\"><img loading=\"lazy\" class=\"alignright wp-image-52 size-medium\" src=\"http:\/\/cryptobackup.de\/wp-content\/uploads\/2014\/08\/logo_vertumno-300x59.png\" alt=\"logo_vertumno\" width=\"300\" height=\"59\" srcset=\"http:\/\/cryptobackup.de\/wp-content\/uploads\/2014\/08\/logo_vertumno-300x59.png 300w, http:\/\/cryptobackup.de\/wp-content\/uploads\/2014\/08\/logo_vertumno.png 351w\" sizes=\"(max-width: 300px) 100vw, 300px\" \/><\/a><\/h6>\n<ul>\n<li>Unternehmensberatungsgesellschaft aus Mainz<\/li>\n<li>Mitglied der &#8220;Rhein-Main Aktiv&#8221; &#8211; &nbsp;Gruppe<\/li>\n<\/ul>\n<p>Leistungen:<\/p>\n<ul>\n<li>Beratung: Strategie, Kaufm\u00e4nnische Unternehmensf\u00fchrung, Organisation<\/li>\n<li>Gr\u00fcndercoaching<\/li>\n<li>Datenschutz<\/li>\n<li>Qualit\u00e4tsmanagement<\/li>\n<li>Projektmanagement f\u00fcr Marketing und IT<\/li>\n<\/ul>\n<p>Zertifizierungen:<\/p>\n<ul>\n<li>Qualit\u00e4tsmanagement:\n<ul>\n<li>DIN EN ISO 9001<\/li>\n<\/ul>\n<\/li>\n<li>Informationssicherheit:\n<ul>\n<li>ISO \/ IEC 27001<\/li>\n<\/ul>\n<\/li>\n<\/ul>\n<p>Zahlreiche Kunden in Deutschland und anderen L\u00e4ndern nutzen bereits&nbsp; CryptoBackup &#8211; ca. 5 Mio. Nutzer auf der ganzen Welt vertrauen auf die von uns genutzte Software.<\/p>\n<p>Seien Sie Teil dieser Gemeinschaft!&nbsp;<a href=\"http:\/\/cryptobackup.de\/wordpress\/wordpress\/?page_id=15\">Probieren Sie es deshalb direkt jetzt &#8211; gratis und unverbindlich.<\/a><\/p>\n","protected":false},"excerpt":{"rendered":"<p>ITworks2 IT-Dienstleister aus Mainz Mitglied der &#8220;Rhein-Main Aktiv&#8221; &#8211; &nbsp;Gruppe Leistungen: Netzwerkeinrichtung und Wartung (Server, Firewalls, Clients, Virtualisierung, Home-Office, Verschl\u00fcsselung, Digitale Ablagen und Peripherie) Programmierung von Software zur Deckung von Verf\u00fcgbarkeitsl\u00fccken Telekommunikation Serverstandort Deutschland Vertumno Unternehmensberatungsgesellschaft aus Mainz Mitglied der &#8220;Rhein-Main Aktiv&#8221; &#8211; &nbsp;Gruppe Leistungen: Beratung: Strategie, Kaufm\u00e4nnische Unternehmensf\u00fchrung, Organisation Gr\u00fcndercoaching Datenschutz Qualit\u00e4tsmanagement Projektmanagement f\u00fcr &hellip; <a href=\"http:\/\/cryptobackup.de\/?page_id=9\" class=\"more-link\"><span class=\"screen-reader-text\">\u00dcber uns<\/span> weiterlesen <span class=\"meta-nav\">&rarr;<\/span><\/a><\/p>\n","protected":false},"author":1,"featured_media":0,"parent":0,"menu_order":2,"comment_status":"closed","ping_status":"open","template":"","meta":[],"_links":{"self":[{"href":"http:\/\/cryptobackup.de\/index.php?rest_route=\/wp\/v2\/pages\/9"}],"collection":[{"href":"http:\/\/cryptobackup.de\/index.php?rest_route=\/wp\/v2\/pages"}],"about":[{"href":"http:\/\/cryptobackup.de\/index.php?rest_route=\/wp\/v2\/types\/page"}],"author":[{"embeddable":true,"href":"http:\/\/cryptobackup.de\/index.php?rest_route=\/wp\/v2\/users\/1"}],"replies":[{"embeddable":true,"href":"http:\/\/cryptobackup.de\/index.php?rest_route=%2Fwp%2Fv2%2Fcomments&post=9"}],"version-history":[{"count":15,"href":"http:\/\/cryptobackup.de\/index.php?rest_route=\/wp\/v2\/pages\/9\/revisions"}],"predecessor-version":[{"id":106,"href":"http:\/\/cryptobackup.de\/index.php?rest_route=\/wp\/v2\/pages\/9\/revisions\/106"}],"wp:attachment":[{"href":"http:\/\/cryptobackup.de\/index.php?rest_route=%2Fwp%2Fv2%2Fmedia&parent=9"}],"curies":[{"name":"wp","href":"https:\/\/api.w.org\/{rel}","templated":true}]}}